{"id":772,"date":"2011-01-12T11:37:27","date_gmt":"2011-01-12T17:37:27","guid":{"rendered":"http:\/\/www.dhnet.org.mx\/archivo\/"},"modified":"2015-10-20T12:26:14","modified_gmt":"2015-10-20T17:26:14","slug":"itv-2010","status":"publish","type":"page","link":"https:\/\/www.dhnet.org.mx\/archivo\/dhwebnoticias\/itv-2010\/","title":{"rendered":"InformaTV 2010"},"content":{"rendered":"<p><strong>Archivo de noticiero de InformaTV de 2010<\/strong><\/p>\n<table width=\"100%\" cellspacing=\"0\" cellpadding=\"0\">\n<tbody>\n<tr>\n<td style=\"border-top: 1px dashed #CECECE;\">A continuaci\u00f3n puede ver nuestro archivo de noticias que se han transmitido a trav\u00e9s de DHNET.<\/p>\n<p style=\"text-align: center;\"><strong>A\u00f1o 2015<\/strong> | <strong>A\u00f1o 2014<\/strong> | <strong><a href=\"http:\/\/www.dhnet.org.mx\/archivo\/informatv\">A\u00f1o 2013<\/a><\/strong> | <b><a href=\"http:\/\/www.dhnet.org.mx\/archivo\/informatv\/itv-2012\">A\u00f1o 2012<\/a><\/b> | <strong><a href=\"http:\/\/www.dhnet.org.mx\/archivo\/informatv\/itv-2011\">A\u00f1o 2011<\/a><\/strong> | <strong>A\u00f1o 2010<\/strong><\/p>\n<p>[fvplayer<br \/>\nsrc=\u00bbhttp:\/\/www.dhnet.org.mx\/videos\/informatv\/Noti-2010-12-17.flv\u00bb splash=\u00bbhttp:\/\/www.dhnet.org.mx\/archivo\/wp-content\/uploads\/2010\/06\/informatvscreen.jpg\u00bb<br \/>\nplaylist=\u00bb<br \/>\nhttp:\/\/www.dhnet.org.mx\/videos\/informatv\/Noti-2010-12-16.flv,<br \/>\nhttp:\/\/www.dhnet.org.mx\/archivo\/wp-content\/uploads\/2010\/06\/informatvscreen.jpg;<br \/>\nhttp:\/\/www.dhnet.org.mx\/videos\/informatv\/Noti-2010-12-15.flv,<br \/>\nhttp:\/\/www.dhnet.org.mx\/archivo\/wp-content\/uploads\/2010\/06\/informatvscreen.jpg;<br \/>\nhttp:\/\/www.dhnet.org.mx\/videos\/informatv\/Noti-2010-12-14.flv,<br \/>\nhttp:\/\/www.dhnet.org.mx\/archivo\/wp-content\/uploads\/2010\/06\/informatvscreen.jpg;<br \/>\nhttp:\/\/www.dhnet.org.mx\/videos\/informatv\/Noti-2010-12-13.flv,<br \/>\nhttp:\/\/www.dhnet.org.mx\/archivo\/wp-content\/uploads\/2010\/06\/informatvscreen.jpg;<br \/>\nhttp:\/\/www.dhnet.org.mx\/videos\/informatv\/Noti-2010-12-10.flv,<br \/>\nhttp:\/\/www.dhnet.org.mx\/archivo\/wp-content\/uploads\/2010\/06\/informatvscreen.jpg;<br \/>\nhttp:\/\/www.dhnet.org.mx\/videos\/informatv\/Noti-2010-12-09.flv,<br \/>\nhttp:\/\/www.dhnet.org.mx\/archivo\/wp-content\/uploads\/2010\/06\/informatvscreen.jpg;<br \/>\nhttp:\/\/www.dhnet.org.mx\/videos\/informatv\/Noti-2010-12-08.flv,<br \/>\nhttp:\/\/www.dhnet.org.mx\/archivo\/wp-content\/uploads\/2010\/06\/informatvscreen.jpg;<br \/>\nhttp:\/\/www.dhnet.org.mx\/videos\/informatv\/Noti-2010-12-07.flv,<br \/>\nhttp:\/\/www.dhnet.org.mx\/archivo\/wp-content\/uploads\/2010\/06\/informatvscreen.jpg;<br \/>\nhttp:\/\/www.dhnet.org.mx\/videos\/informatv\/Noti-2010-12-06.flv,<br \/>\nhttp:\/\/www.dhnet.org.mx\/archivo\/wp-content\/uploads\/2010\/06\/informatvscreen.jpg<br \/>\n\u00bb <\/p>\n<p>caption=\u00bb<br \/>\nInformaTV 2010 12 17;<br \/>\nInformaTV 2010 12 16;<br \/>\nInformaTV 2010 12 15;<br \/>\nInformaTV 2010 12 14;<br \/>\nInformaTV 2010 12 13;<br \/>\nInformaTV 2010 12 10;<br \/>\nInformaTV 2010 12 09;<br \/>\nInformaTV 2010 12 08;<br \/>\nInformaTV 2010 12 07;<br \/>\nInformaTV 2010 12 06&#8243;]<\/td>\n<\/tr>\n<\/tbody>\n<\/table>\n","protected":false},"excerpt":{"rendered":"<p>Archivo de noticiero de InformaTV de 2010 A continuaci\u00f3n puede ver nuestro archivo de noticias que se han transmitido a trav\u00e9s de DHNET. A\u00f1o 2015 | A\u00f1o 2014 | A\u00f1o 2013 | A\u00f1o 2012 | A\u00f1o 2011 | A\u00f1o 2010 [fvplayer src=\u00bbhttp:\/\/www.dhnet.org.mx\/videos\/informatv\/Noti-2010-12-17.flv\u00bb splash=\u00bbhttp:\/\/www.dhnet.org.mx\/archivo\/wp-content\/uploads\/2010\/06\/informatvscreen.jpg\u00bb playlist=\u00bb http:\/\/www.dhnet.org.mx\/videos\/informatv\/Noti-2010-12-16.flv, http:\/\/www.dhnet.org.mx\/archivo\/wp-content\/uploads\/2010\/06\/informatvscreen.jpg; http:\/\/www.dhnet.org.mx\/videos\/informatv\/Noti-2010-12-15.flv, http:\/\/www.dhnet.org.mx\/archivo\/wp-content\/uploads\/2010\/06\/informatvscreen.jpg; http:\/\/www.dhnet.org.mx\/videos\/informatv\/Noti-2010-12-14.flv, http:\/\/www.dhnet.org.mx\/archivo\/wp-content\/uploads\/2010\/06\/informatvscreen.jpg; http:\/\/www.dhnet.org.mx\/videos\/informatv\/Noti-2010-12-13.flv, http:\/\/www.dhnet.org.mx\/archivo\/wp-content\/uploads\/2010\/06\/informatvscreen.jpg; http:\/\/www.dhnet.org.mx\/videos\/informatv\/Noti-2010-12-10.flv, http:\/\/www.dhnet.org.mx\/archivo\/wp-content\/uploads\/2010\/06\/informatvscreen.jpg; http:\/\/www.dhnet.org.mx\/videos\/informatv\/Noti-2010-12-09.flv, [&hellip;]<\/p>\n","protected":false},"author":1,"featured_media":0,"parent":402,"menu_order":0,"comment_status":"closed","ping_status":"open","template":"","meta":{"footnotes":""},"class_list":["post-772","page","type-page","status-publish","hentry"],"_links":{"self":[{"href":"https:\/\/www.dhnet.org.mx\/archivo\/wp-json\/wp\/v2\/pages\/772","targetHints":{"allow":["GET"]}}],"collection":[{"href":"https:\/\/www.dhnet.org.mx\/archivo\/wp-json\/wp\/v2\/pages"}],"about":[{"href":"https:\/\/www.dhnet.org.mx\/archivo\/wp-json\/wp\/v2\/types\/page"}],"author":[{"embeddable":true,"href":"https:\/\/www.dhnet.org.mx\/archivo\/wp-json\/wp\/v2\/users\/1"}],"replies":[{"embeddable":true,"href":"https:\/\/www.dhnet.org.mx\/archivo\/wp-json\/wp\/v2\/comments?post=772"}],"version-history":[{"count":16,"href":"https:\/\/www.dhnet.org.mx\/archivo\/wp-json\/wp\/v2\/pages\/772\/revisions"}],"predecessor-version":[{"id":3528,"href":"https:\/\/www.dhnet.org.mx\/archivo\/wp-json\/wp\/v2\/pages\/772\/revisions\/3528"}],"up":[{"embeddable":true,"href":"https:\/\/www.dhnet.org.mx\/archivo\/wp-json\/wp\/v2\/pages\/402"}],"wp:attachment":[{"href":"https:\/\/www.dhnet.org.mx\/archivo\/wp-json\/wp\/v2\/media?parent=772"}],"curies":[{"name":"wp","href":"https:\/\/api.w.org\/{rel}","templated":true}]}}