{"id":402,"date":"2010-06-11T12:45:36","date_gmt":"2010-06-11T17:45:36","guid":{"rendered":"http:\/\/www.dhnet.org.mx\/archivo\/?page_id=402"},"modified":"2016-02-29T11:36:49","modified_gmt":"2016-02-29T17:36:49","slug":"dhwebnoticias","status":"publish","type":"page","link":"https:\/\/www.dhnet.org.mx\/archivo\/dhwebnoticias\/","title":{"rendered":"DH Web Noticias"},"content":{"rendered":"<p><img decoding=\"async\" class=\"wp-image-3622 alignleft\" src=\"http:\/\/www.dhnet.org.mx\/archivo\/wp-content\/uploads\/2010\/06\/12107906_948855885175294_4139303375136353798_n-498x280.jpg\" alt=\"12107906_948855885175294_4139303375136353798_n\" width=\"143\" height=\"80\" \/>Noticiero <b>DH Web Noticias<\/b> te da a conocer las noticias m\u00e1s relevantes de Derechos Humanos en el \u00e1mbito local, Nacional e Internacional.<\/p>\n<p>S\u00fascribete a nuestro canal de <a href=\"https:\/\/www.youtube.com\/channel\/UCYAQmKD05sS2xRrRGYxvl1A\" target=\"_blank\">Youtube<\/a> y s\u00edguenos en nuestras redes sociales. <a href=\"https:\/\/www.facebook.com\/DHnoticias\" target=\"_blank\">DH Noticias<\/a> en Facebook y <a href=\"https:\/\/twitter.com\/dhnoticias_\" target=\"_blank\">@dhnoticias_<\/a> en Twitter<\/p>\n<p>[youtube_channel channel=UCYAQmKD05sS2xRrRGYxvl1A resource=0 cache=0 fetch=25 num=10 ratio=3 responsive=1 width=306 display=thumbnail norel=1 nobrand=1 showtitle=below desclen=0 noanno=1 link_to=none goto_txt=\u00bbVisit our YouTube channel\u00bb class=ytc_wall_1-6]<\/p>\n<p>&nbsp;<\/p>\n<p><strong>Cont\u00e1ctanos a traves del siguiente formulario<\/strong><\/p>\n<p>Si tienes alguna duda, comentario o sugerencia, sientase libre de hacer contacto con nosotros a nuestro correo que es dhnoticias[@]dhnet.org.mx, as\u00ed como a nuestras redes sociales, o si lo desea, puede utilizar el siguiente formulario.<\/p>\n<p>[contact-form to=&#8217;dhnoticias@dhnet.org.mx&#8217; subject=&#8217;Contacto vi\u00e1 DHNET&#8217;][contact-field label=&#8217;Nombre&#8217; type=&#8217;name&#8217; required=&#8217;1&#8217;\/][contact-field label=&#8217;Correo electr\u00f3nico&#8217; type=&#8217;email&#8217; required=&#8217;1&#8217;\/][contact-field label=&#8217;Sitio web&#8217; type=&#8217;url&#8217;\/][contact-field label=&#8217;Comentario&#8217; type=&#8217;textarea&#8217; required=&#8217;1&#8217;\/][\/contact-form]<\/p>\n","protected":false},"excerpt":{"rendered":"<p>Noticiero DH Web Noticias te da a conocer las noticias m\u00e1s relevantes de Derechos Humanos en el \u00e1mbito local, Nacional e Internacional. S\u00fascribete a nuestro canal de Youtube y s\u00edguenos en nuestras redes sociales. DH Noticias en Facebook y @dhnoticias_ en Twitter [youtube_channel channel=UCYAQmKD05sS2xRrRGYxvl1A resource=0 cache=0 fetch=25 num=10 ratio=3 responsive=1 width=306 display=thumbnail norel=1 nobrand=1 showtitle=below [&hellip;]<\/p>\n","protected":false},"author":1,"featured_media":3464,"parent":0,"menu_order":0,"comment_status":"closed","ping_status":"closed","template":"","meta":{"footnotes":""},"class_list":["post-402","page","type-page","status-publish","has-post-thumbnail","hentry"],"_links":{"self":[{"href":"https:\/\/www.dhnet.org.mx\/archivo\/wp-json\/wp\/v2\/pages\/402","targetHints":{"allow":["GET"]}}],"collection":[{"href":"https:\/\/www.dhnet.org.mx\/archivo\/wp-json\/wp\/v2\/pages"}],"about":[{"href":"https:\/\/www.dhnet.org.mx\/archivo\/wp-json\/wp\/v2\/types\/page"}],"author":[{"embeddable":true,"href":"https:\/\/www.dhnet.org.mx\/archivo\/wp-json\/wp\/v2\/users\/1"}],"replies":[{"embeddable":true,"href":"https:\/\/www.dhnet.org.mx\/archivo\/wp-json\/wp\/v2\/comments?post=402"}],"version-history":[{"count":87,"href":"https:\/\/www.dhnet.org.mx\/archivo\/wp-json\/wp\/v2\/pages\/402\/revisions"}],"predecessor-version":[{"id":3624,"href":"https:\/\/www.dhnet.org.mx\/archivo\/wp-json\/wp\/v2\/pages\/402\/revisions\/3624"}],"wp:featuredmedia":[{"embeddable":true,"href":"https:\/\/www.dhnet.org.mx\/archivo\/wp-json\/wp\/v2\/media\/3464"}],"wp:attachment":[{"href":"https:\/\/www.dhnet.org.mx\/archivo\/wp-json\/wp\/v2\/media?parent=402"}],"curies":[{"name":"wp","href":"https:\/\/api.w.org\/{rel}","templated":true}]}}