{"id":1593,"date":"2012-02-09T10:56:20","date_gmt":"2012-02-09T16:56:20","guid":{"rendered":"http:\/\/www.dhnet.org.mx\/archivo\/?page_id=1593"},"modified":"2012-02-09T12:40:06","modified_gmt":"2012-02-09T18:40:06","slug":"3ra-cumbre-2012","status":"publish","type":"page","link":"https:\/\/www.dhnet.org.mx\/archivo\/3ra-cumbre-2012\/","title":{"rendered":"Tercera Cumbre de Valores y Cultura de la Legalidad"},"content":{"rendered":"<div align=\"center\">\n<h2><b>\u201cPrevenci\u00f3n de las Violencias, El Camino a la Paz\u201d<\/b><\/h2>\n<h3><em>14 y 15 de Febrero del 2012<br \/>\nChihuahua, Chih., M\u00e9xico<\/em><\/h3>\n<\/div>\n<h3>La ciudad de Chihuahua ser\u00e1 sede de la <strong>Tercera Cumbre de Valores y Cultura de la Legalidad: \u201cPrevenci\u00f3n de las Violencias; El Camino a la Paz\u201d<\/strong>, organizada por la Fiscal\u00eda General del Estado, en coordinaci\u00f3n con la Secretar\u00eda Ejecutiva del Sistema Estatal de Seguridad P\u00fablica y el DIF Estatal, la cual tendr\u00e1 la participaci\u00f3n de 14 destacados especialistas e investigadores de Am\u00e9rica y Europa. <\/p>\n<p>Por primera vez se desarrollar\u00e1n al mismo tiempo cuatro cumbres regionales, las cuales tendr\u00e1n lugar en los municipios de Cuauht\u00e9moc, Hidalgo del Parral, Camargo y Delicias.<\/p>\n<p>Las Cumbres de Valores y Cultura de la Legalidad, que se han realizado en el Estado, son detonantes para emprender acciones concretas y espec\u00edficas en pro de la Sociedad Chihuahuense con el fin de ir generando la paz, la participaci\u00f3n ciudadana y la cohesi\u00f3n social.<\/p>\n<p>En esta ocasi\u00f3n, la Cumbre ser\u00e1 enfocada a siete ejes tem\u00e1ticos como valores, prevenci\u00f3n social de la violencia y la delincuencia, participaci\u00f3n ciudadana, cultura de la legalidad, observatorios ciudadanos, cultura para la paz y educaci\u00f3n.<\/p>\n<p>El objetivo es hacer manifiesto el respaldo pol\u00edtico institucional de la comunidad internacional y enviar a la comunidad local y nacional un mensaje de solidaridad, como un llamado para acompa\u00f1ar a los chihuahuenses en su voluntad por recuperar la paz y abatir la criminalidad.<\/p>\n<p>Con ello se busca impulsar y compartir las buenas acciones que realizan las organizaciones de la sociedad civil, empresarios, instituciones educativas, medios de comunicaci\u00f3n y \u00f3rganos de los tres \u00f3rdenes de Gobierno, y generar una sociedad m\u00e1s participativa en la construcci\u00f3n y fortalecimiento del estado de derecho y convivencia arm\u00f3nica.<\/h3>\n","protected":false},"excerpt":{"rendered":"<p>\u201cPrevenci\u00f3n de las Violencias, El Camino a la Paz\u201d 14 y 15 de Febrero del 2012 Chihuahua, Chih., M\u00e9xico La ciudad de Chihuahua ser\u00e1 sede de la Tercera Cumbre de Valores y Cultura de la Legalidad: \u201cPrevenci\u00f3n de las Violencias; El Camino a la Paz\u201d, organizada por la Fiscal\u00eda General del Estado, en coordinaci\u00f3n con [&hellip;]<\/p>\n","protected":false},"author":1,"featured_media":1597,"parent":0,"menu_order":0,"comment_status":"closed","ping_status":"open","template":"","meta":{"footnotes":""},"class_list":["post-1593","page","type-page","status-publish","has-post-thumbnail","hentry"],"_links":{"self":[{"href":"https:\/\/www.dhnet.org.mx\/archivo\/wp-json\/wp\/v2\/pages\/1593","targetHints":{"allow":["GET"]}}],"collection":[{"href":"https:\/\/www.dhnet.org.mx\/archivo\/wp-json\/wp\/v2\/pages"}],"about":[{"href":"https:\/\/www.dhnet.org.mx\/archivo\/wp-json\/wp\/v2\/types\/page"}],"author":[{"embeddable":true,"href":"https:\/\/www.dhnet.org.mx\/archivo\/wp-json\/wp\/v2\/users\/1"}],"replies":[{"embeddable":true,"href":"https:\/\/www.dhnet.org.mx\/archivo\/wp-json\/wp\/v2\/comments?post=1593"}],"version-history":[{"count":7,"href":"https:\/\/www.dhnet.org.mx\/archivo\/wp-json\/wp\/v2\/pages\/1593\/revisions"}],"predecessor-version":[{"id":1603,"href":"https:\/\/www.dhnet.org.mx\/archivo\/wp-json\/wp\/v2\/pages\/1593\/revisions\/1603"}],"wp:featuredmedia":[{"embeddable":true,"href":"https:\/\/www.dhnet.org.mx\/archivo\/wp-json\/wp\/v2\/media\/1597"}],"wp:attachment":[{"href":"https:\/\/www.dhnet.org.mx\/archivo\/wp-json\/wp\/v2\/media?parent=1593"}],"curies":[{"name":"wp","href":"https:\/\/api.w.org\/{rel}","templated":true}]}}